{"id":1460,"date":"2025-07-15T15:44:49","date_gmt":"2025-07-15T18:44:49","guid":{"rendered":"https:\/\/rootio.io\/wp\/?post_type=product&#038;p=1460"},"modified":"2025-07-16T09:29:23","modified_gmt":"2025-07-16T12:29:23","slug":"perfume-choice-selection-woman","status":"publish","type":"product","link":"https:\/\/rootio.io\/wp\/product\/perfume-choice-selection-woman\/","title":{"rendered":"Perfume Choice Selection Woman CHARMED (01)"},"content":{"rendered":"<h4><strong>CHOICE WOMAN 01 <\/strong><br \/>\n<strong>CHARMED<\/strong><\/h4>\n<p><span class=\"selectable-text copyable-text false\">Choice Selection es nuestra l\u00ednea de perfumes premium <\/span><span class=\"x19la9d6 x1fc57z9 x6ikm8r x10wlt62 x19co3pv x1g5zs5t xfibh0p xiy17q3 x1xsqp64 x1lkfr7t xexx8yu x14vy60q x18d9i69 xyiysdx\"><span class=\"\">?<\/span><\/span><span class=\"x19la9d6 x1fc57z9 x6ikm8r x10wlt62 x19co3pv x1g5zs5t xfibh0p xiy17q3 x1xsqp64 x1lkfr7t xexx8yu x14vy60q x18d9i69 xyiysdx\"><span class=\"\">?<br \/>\n<\/span><\/span><span class=\"selectable-text copyable-text false\">&#8211; 6 Fragancias Femeninas<br \/>\n&#8211; 5 Fragancias Masculinas<\/span><\/p>\n<p>&nbsp;<\/p>\n<p>PERFUME INSPIRADO EN <strong>COCO CHANEL<br \/>\nEAU DE PARFUM<br \/>\nCONTENIDO: 30ML<br \/>\n<\/strong><\/p>\n<p><strong>Notas de salida:<\/strong><br \/>\nNaranja, mandarina, bergamota, flor de azahar<\/p>\n<p><strong>Notas de coraz\u00f3n:<\/strong><br \/>\nRosa turca, jazm\u00edn, mimosa, ylang ylang<\/p>\n<p><strong>Notas de fondo:<\/strong><br \/>\nPachul\u00ed, almizcle blanco, vainilla, vetiver.<\/p>\n<p><strong>PRECIO PUBLICO POR UNIDAD<\/strong> : $36.500<\/p>\n<hr \/>\n<p><strong>ZONAS DE ENTREGA:<\/strong><\/p>\n<p>PILAR (ZONA NORTE):\u00a0 Claudia\u00a0 +54 9 11 5420-7403<br \/>\nVILLA URQUIZA (CABA): Silvia\u00a0 +54 9 11 6986-4005<br \/>\nCABALLITO (CABA): Fabian +54 9 11 6640-9379<\/p>\n<hr \/>\n<p><span class=\"selectable-text copyable-text false\"><br \/>\n\u00bfBuscas un producto rentable, de alta calidad y f\u00e1cil de vender?<\/span><\/p>\n<p><span class=\"x19la9d6 x1fc57z9 x6ikm8r x10wlt62 x19co3pv x1g5zs5t xfibh0p xiy17q3 x1xsqp64 x1lkfr7t xexx8yu x14vy60q x18d9i69 xyiysdx\"><span class=\"\">?<\/span><\/span><span class=\"x19la9d6 x1fc57z9 x6ikm8r x10wlt62 x19co3pv x1g5zs5t xfibh0p xiy17q3 x1xsqp64 x1lkfr7t xexx8yu x14vy60q x18d9i69 xyiysdx\"><span class=\"\">\u2728<\/span><\/span><span class=\"selectable-text copyable-text false\"> Choice Selection es un Eau de Parfum de 30ml, con una fragancia duradera, presentaci\u00f3n elegante y un precio al alcance de todos.<\/span><\/p>\n<p><span class=\"x19la9d6 x1fc57z9 x6ikm8r x10wlt62 x19co3pv x1g5zs5t xfibh0p xiy17q3 x1xsqp64 x1lkfr7t xexx8yu x14vy60q x18d9i69 xyiysdx\"><span class=\"\">\u2705<\/span><\/span><span class=\"selectable-text copyable-text false\"> Alta demanda<br \/>\n<\/span><span class=\"x19la9d6 x1fc57z9 x6ikm8r x10wlt62 x19co3pv x1g5zs5t xfibh0p xiy17q3 x1xsqp64 x1lkfr7t xexx8yu x14vy60q x18d9i69 xyiysdx\"><span class=\"\">\u2705<\/span><\/span><span class=\"selectable-text copyable-text false\"> Excelente margen de ganancia<br \/>\n<\/span><span class=\"x19la9d6 x1fc57z9 x6ikm8r x10wlt62 x19co3pv x1g5zs5t xfibh0p xiy17q3 x1xsqp64 x1lkfr7t xexx8yu x14vy60q x18d9i69 xyiysdx\"><span class=\"\">\u2705<\/span><\/span><span class=\"selectable-text copyable-text false\"> Ideal para venta directa o en redes sociales.<\/span><\/p>\n<p>\u00a1S\u00famate como distribuidor y empieza a generar ingresos desde hoy!<\/p>\n<p><strong>CONSULTAS POR WHATSAPP PARA DISTRIBUIDORES:<\/strong> +54 11 2880 8141<\/p>\n","protected":false},"excerpt":{"rendered":"<p>CHOICE WOMAN 01 CHARMED Choice Selection es nuestra l\u00ednea de perfumes premium ?? &#8211; 6 Fragancias Femeninas &#8211; 5 Fragancias Masculinas &nbsp; PERFUME INSPIRADO EN COCO CHANEL EAU DE PARFUM CONTENIDO: 30ML Notas de salida: Naranja, mandarina, bergamota, flor de azahar Notas de coraz\u00f3n: Rosa turca, jazm\u00edn, mimosa, ylang ylang Notas de fondo: Pachul\u00ed, almizcle &hellip; <\/p>\n<p class=\"link-more\"><a href=\"https:\/\/rootio.io\/wp\/product\/perfume-choice-selection-woman\/\" class=\"more-link\">Continuar leyendo<span class=\"screen-reader-text\"> \u00abPerfume Choice Selection Woman CHARMED (01)\u00bb<\/span><\/a><\/p>\n","protected":false},"featured_media":1461,"comment_status":"open","ping_status":"closed","template":"","meta":[],"product_cat":[31],"product_tag":[],"_links":{"self":[{"href":"https:\/\/rootio.io\/wp\/wp-json\/wp\/v2\/product\/1460"}],"collection":[{"href":"https:\/\/rootio.io\/wp\/wp-json\/wp\/v2\/product"}],"about":[{"href":"https:\/\/rootio.io\/wp\/wp-json\/wp\/v2\/types\/product"}],"replies":[{"embeddable":true,"href":"https:\/\/rootio.io\/wp\/wp-json\/wp\/v2\/comments?post=1460"}],"wp:featuredmedia":[{"embeddable":true,"href":"https:\/\/rootio.io\/wp\/wp-json\/wp\/v2\/media\/1461"}],"wp:attachment":[{"href":"https:\/\/rootio.io\/wp\/wp-json\/wp\/v2\/media?parent=1460"}],"wp:term":[{"taxonomy":"product_cat","embeddable":true,"href":"https:\/\/rootio.io\/wp\/wp-json\/wp\/v2\/product_cat?post=1460"},{"taxonomy":"product_tag","embeddable":true,"href":"https:\/\/rootio.io\/wp\/wp-json\/wp\/v2\/product_tag?post=1460"}],"curies":[{"name":"wp","href":"https:\/\/api.w.org\/{rel}","templated":true}]}}